{"id":332,"date":"2018-02-10T08:24:38","date_gmt":"2018-02-10T08:24:38","guid":{"rendered":"https:\/\/dlaontherun.wordpress.com\/?page_id=2"},"modified":"2018-02-10T08:24:38","modified_gmt":"2018-02-10T08:24:38","slug":"a-propos","status":"publish","type":"page","link":"https:\/\/dlaontherun.com\/index.php\/a-propos\/","title":{"rendered":"\u00c0 propos"},"content":{"rendered":"<p style=\"text-align: justify;\">Jeunes avocats fra\u00eechement mari\u00e9s et en qu\u00eate d&#8217;aventures, nous avons d\u00e9cid\u00e9 de tout quitter pour aller voyager plusieurs mois autour du monde.<\/p>\n<p style=\"text-align: justify;\">Ce voyage devrait \u00eatre plein de d\u00e9couvertes, d&#8217;\u00e9merveillement, de d\u00e9fis, de rencontres et d&#8217;anecdotes que nous partagerons dans ce blog !<\/p>\n<p style=\"text-align: justify;\">Nous esp\u00e9rons vous faire voyager \u00e0 travers nos articles et pourquoi pas vous donner envie de nous rejoindre en chemin !<\/p>\n<p style=\"text-align: justify;\">To our English readers, you can translate this blog with the Google Translate tab at the end of each article.<\/p>\n<p style=\"text-align: justify;\">Enjoy and feel free to join us in this adventure !<\/p>\n","protected":false},"excerpt":{"rendered":"<p>Jeunes avocats fra\u00eechement mari\u00e9s et en qu\u00eate d&#8217;aventures, nous avons d\u00e9cid\u00e9 de tout quitter pour aller voyager plusieurs mois autour du monde. Ce voyage devrait \u00eatre plein de d\u00e9couvertes, d&#8217;\u00e9merveillement, de d\u00e9fis, de rencontres et d&#8217;anecdotes que nous partagerons dans ce blog ! Nous esp\u00e9rons vous faire voyager \u00e0 travers nos articles et pourquoi pas [&hellip;]<\/p>\n","protected":false},"author":2,"featured_media":0,"parent":0,"menu_order":1,"comment_status":"closed","ping_status":"closed","template":"","meta":{"footnotes":""},"class_list":["post-332","page","type-page","status-publish","hentry"],"_links":{"self":[{"href":"https:\/\/dlaontherun.com\/index.php\/wp-json\/wp\/v2\/pages\/332","targetHints":{"allow":["GET"]}}],"collection":[{"href":"https:\/\/dlaontherun.com\/index.php\/wp-json\/wp\/v2\/pages"}],"about":[{"href":"https:\/\/dlaontherun.com\/index.php\/wp-json\/wp\/v2\/types\/page"}],"author":[{"embeddable":true,"href":"https:\/\/dlaontherun.com\/index.php\/wp-json\/wp\/v2\/users\/2"}],"replies":[{"embeddable":true,"href":"https:\/\/dlaontherun.com\/index.php\/wp-json\/wp\/v2\/comments?post=332"}],"version-history":[{"count":0,"href":"https:\/\/dlaontherun.com\/index.php\/wp-json\/wp\/v2\/pages\/332\/revisions"}],"wp:attachment":[{"href":"https:\/\/dlaontherun.com\/index.php\/wp-json\/wp\/v2\/media?parent=332"}],"curies":[{"name":"wp","href":"https:\/\/api.w.org\/{rel}","templated":true}]}}